{"id":1795,"date":"2023-08-29T11:49:48","date_gmt":"2023-08-29T14:49:48","guid":{"rendered":"https:\/\/dev.carteiroamigo.com.br\/?page_id=1795"},"modified":"2025-03-31T21:14:00","modified_gmt":"2025-04-01T00:14:00","slug":"faq","status":"publish","type":"page","link":"https:\/\/carteiroamigo.com.br\/index.php\/faq\/","title":{"rendered":"FAQ"},"content":{"rendered":"\t\t<div data-elementor-type=\"wp-page\" data-elementor-id=\"1795\" class=\"elementor elementor-1795\">\n\t\t\t\t\t\t<section class=\"elementor-section elementor-top-section elementor-element elementor-element-955dfe4 elementor-section-boxed elementor-section-height-default elementor-section-height-default\" data-id=\"955dfe4\" data-element_type=\"section\" data-settings=\"{&quot;shape_divider_top&quot;:&quot;tilt&quot;}\">\n\t\t\t\t\t<div class=\"elementor-shape elementor-shape-top\" aria-hidden=\"true\" data-negative=\"false\">\n\t\t\t<svg xmlns=\"http:\/\/www.w3.org\/2000\/svg\" viewBox=\"0 0 1000 100\" preserveAspectRatio=\"none\">\n\t<path class=\"elementor-shape-fill\" d=\"M0,6V0h1000v100L0,6z\"\/>\n<\/svg>\t\t<\/div>\n\t\t\t\t\t<div class=\"elementor-container elementor-column-gap-default\">\n\t\t\t\t\t<div class=\"elementor-column elementor-col-100 elementor-top-column elementor-element elementor-element-9c15929\" data-id=\"9c15929\" data-element_type=\"column\">\n\t\t\t<div class=\"elementor-widget-wrap elementor-element-populated\">\n\t\t\t\t\t\t<div class=\"elementor-element elementor-element-75cedc0 elementor-widget elementor-widget-heading\" data-id=\"75cedc0\" data-element_type=\"widget\" data-widget_type=\"heading.default\">\n\t\t\t\t<div class=\"elementor-widget-container\">\n\t\t\t\t\t<h2 class=\"elementor-heading-title elementor-size-default\">FAQ - D\u00favidas<\/h2>\t\t\t\t<\/div>\n\t\t\t\t<\/div>\n\t\t\t\t<div class=\"elementor-element elementor-element-1b047fb elementor-widget elementor-widget-heading\" data-id=\"1b047fb\" data-element_type=\"widget\" data-widget_type=\"heading.default\">\n\t\t\t\t<div class=\"elementor-widget-container\">\n\t\t\t\t\t<h2 class=\"elementor-heading-title elementor-size-default\"><span style=\"color: rgb(96, 80, 189);\">Principais d\u00favidas mais recorrentes de nossos clientes<\/span><\/h2>\t\t\t\t<\/div>\n\t\t\t\t<\/div>\n\t\t\t\t<div class=\"elementor-element elementor-element-91012d3 elementor-widget elementor-widget-toggle\" data-id=\"91012d3\" data-element_type=\"widget\" data-widget_type=\"toggle.default\">\n\t\t\t\t<div class=\"elementor-widget-container\">\n\t\t\t\t\t\t\t<div class=\"elementor-toggle\">\n\t\t\t\t\t\t\t<div class=\"elementor-toggle-item\">\n\t\t\t\t\t<div id=\"elementor-tab-title-1521\" class=\"elementor-tab-title\" data-tab=\"1\" role=\"button\" aria-controls=\"elementor-tab-content-1521\" aria-expanded=\"false\">\n\t\t\t\t\t\t\t\t\t\t\t\t<span class=\"elementor-toggle-icon elementor-toggle-icon-left\" aria-hidden=\"true\">\n\t\t\t\t\t\t\t\t\t\t\t\t\t\t\t<span class=\"elementor-toggle-icon-closed\"><i class=\"fas fa-caret-square-down\"><\/i><\/span>\n\t\t\t\t\t\t\t\t<span class=\"elementor-toggle-icon-opened\"><i class=\"elementor-toggle-icon-opened fas fa-caret-square-up\"><\/i><\/span>\n\t\t\t\t\t\t\t\t\t\t\t\t\t<\/span>\n\t\t\t\t\t\t\t\t\t\t\t\t<a class=\"elementor-toggle-title\" tabindex=\"0\">Como funciona o Carteiro Amigo?<\/a>\n\t\t\t\t\t<\/div>\n\n\t\t\t\t\t<div id=\"elementor-tab-content-1521\" class=\"elementor-tab-content elementor-clearfix\" data-tab=\"1\" role=\"region\" aria-labelledby=\"elementor-tab-title-1521\"><p><span class=\"OYPEnA text-decoration-none text-strikethrough-none\">O Carteiro Amigo \u00e9 a forma mais conveniente de receber, retirar e enviar suas encomendas tanto dentro quanto fora das comunidades. Tudo o que voc\u00ea precisa fazer \u00e9 utilizar o endere\u00e7o de uma unidade do CAE como destino ao realizar suas compras em um marketplace.<\/span><\/p><\/div>\n\t\t\t\t<\/div>\n\t\t\t\t\t\t\t<div class=\"elementor-toggle-item\">\n\t\t\t\t\t<div id=\"elementor-tab-title-1522\" class=\"elementor-tab-title\" data-tab=\"2\" role=\"button\" aria-controls=\"elementor-tab-content-1522\" aria-expanded=\"false\">\n\t\t\t\t\t\t\t\t\t\t\t\t<span class=\"elementor-toggle-icon elementor-toggle-icon-left\" aria-hidden=\"true\">\n\t\t\t\t\t\t\t\t\t\t\t\t\t\t\t<span class=\"elementor-toggle-icon-closed\"><i class=\"fas fa-caret-square-down\"><\/i><\/span>\n\t\t\t\t\t\t\t\t<span class=\"elementor-toggle-icon-opened\"><i class=\"elementor-toggle-icon-opened fas fa-caret-square-up\"><\/i><\/span>\n\t\t\t\t\t\t\t\t\t\t\t\t\t<\/span>\n\t\t\t\t\t\t\t\t\t\t\t\t<a class=\"elementor-toggle-title\" tabindex=\"0\">Como eu fa\u00e7o para me cadastrar?<\/a>\n\t\t\t\t\t<\/div>\n\n\t\t\t\t\t<div id=\"elementor-tab-content-1522\" class=\"elementor-tab-content elementor-clearfix\" data-tab=\"2\" role=\"region\" aria-labelledby=\"elementor-tab-title-1522\"><p><span class=\"OYPEnA text-decoration-none text-strikethrough-none\">O processo \u00e9 bastante simples. Basta selecionar um dos planos dispon\u00edveis, efetuar o seu cadastro, escolher uma unidade do CAE, realizar o pagamento online e pronto! Seu cadastro ser\u00e1 automaticamente conclu\u00eddo, permitindo que voc\u00ea desfrute imediatamente do benef\u00edcio de receber, retirar ou enviar itens dentro da sua comunidade.<\/span><\/p><\/div>\n\t\t\t\t<\/div>\n\t\t\t\t\t\t\t<div class=\"elementor-toggle-item\">\n\t\t\t\t\t<div id=\"elementor-tab-title-1523\" class=\"elementor-tab-title\" data-tab=\"3\" role=\"button\" aria-controls=\"elementor-tab-content-1523\" aria-expanded=\"false\">\n\t\t\t\t\t\t\t\t\t\t\t\t<span class=\"elementor-toggle-icon elementor-toggle-icon-left\" aria-hidden=\"true\">\n\t\t\t\t\t\t\t\t\t\t\t\t\t\t\t<span class=\"elementor-toggle-icon-closed\"><i class=\"fas fa-caret-square-down\"><\/i><\/span>\n\t\t\t\t\t\t\t\t<span class=\"elementor-toggle-icon-opened\"><i class=\"elementor-toggle-icon-opened fas fa-caret-square-up\"><\/i><\/span>\n\t\t\t\t\t\t\t\t\t\t\t\t\t<\/span>\n\t\t\t\t\t\t\t\t\t\t\t\t<a class=\"elementor-toggle-title\" tabindex=\"0\">Qual a forma de pagamento?<\/a>\n\t\t\t\t\t<\/div>\n\n\t\t\t\t\t<div id=\"elementor-tab-content-1523\" class=\"elementor-tab-content elementor-clearfix\" data-tab=\"3\" role=\"region\" aria-labelledby=\"elementor-tab-title-1523\"><p><span class=\"OYPEnA text-decoration-none text-strikethrough-none\">Voc\u00ea tem a op\u00e7\u00e3o de efetuar o pagamento da sua assinatura online por meio de Pix, cart\u00e3o de cr\u00e9dito ou boleto. Ap\u00f3s concluir o cadastro, a cada m\u00eas, voc\u00ea receber\u00e1 uma fatura por e-mail para efetuar o pagamento via Pix, ou o valor ser\u00e1 automaticamente debitado do seu cart\u00e3o de cr\u00e9dito<\/span><\/p><\/div>\n\t\t\t\t<\/div>\n\t\t\t\t\t\t\t<div class=\"elementor-toggle-item\">\n\t\t\t\t\t<div id=\"elementor-tab-title-1524\" class=\"elementor-tab-title\" data-tab=\"4\" role=\"button\" aria-controls=\"elementor-tab-content-1524\" aria-expanded=\"false\">\n\t\t\t\t\t\t\t\t\t\t\t\t<span class=\"elementor-toggle-icon elementor-toggle-icon-left\" aria-hidden=\"true\">\n\t\t\t\t\t\t\t\t\t\t\t\t\t\t\t<span class=\"elementor-toggle-icon-closed\"><i class=\"fas fa-caret-square-down\"><\/i><\/span>\n\t\t\t\t\t\t\t\t<span class=\"elementor-toggle-icon-opened\"><i class=\"elementor-toggle-icon-opened fas fa-caret-square-up\"><\/i><\/span>\n\t\t\t\t\t\t\t\t\t\t\t\t\t<\/span>\n\t\t\t\t\t\t\t\t\t\t\t\t<a class=\"elementor-toggle-title\" tabindex=\"0\">\u00c9 seguro, posso confiar?<\/a>\n\t\t\t\t\t<\/div>\n\n\t\t\t\t\t<div id=\"elementor-tab-content-1524\" class=\"elementor-tab-content elementor-clearfix\" data-tab=\"4\" role=\"region\" aria-labelledby=\"elementor-tab-title-1524\"><p><span class=\"OYPEnA text-decoration-none text-strikethrough-none\">Sim, todas as suas compras chegam em nossas unidades, s\u00e3o separadas para voc\u00ea retirar ou levamos at\u00e9 voc\u00ea. Al\u00e9m disso, desfrute da comodidade de receber um aviso via WhatsApp quando uma encomenda chegar.<\/span><\/p><\/div>\n\t\t\t\t<\/div>\n\t\t\t\t\t\t\t<div class=\"elementor-toggle-item\">\n\t\t\t\t\t<div id=\"elementor-tab-title-1525\" class=\"elementor-tab-title\" data-tab=\"5\" role=\"button\" aria-controls=\"elementor-tab-content-1525\" aria-expanded=\"false\">\n\t\t\t\t\t\t\t\t\t\t\t\t<span class=\"elementor-toggle-icon elementor-toggle-icon-left\" aria-hidden=\"true\">\n\t\t\t\t\t\t\t\t\t\t\t\t\t\t\t<span class=\"elementor-toggle-icon-closed\"><i class=\"fas fa-caret-square-down\"><\/i><\/span>\n\t\t\t\t\t\t\t\t<span class=\"elementor-toggle-icon-opened\"><i class=\"elementor-toggle-icon-opened fas fa-caret-square-up\"><\/i><\/span>\n\t\t\t\t\t\t\t\t\t\t\t\t\t<\/span>\n\t\t\t\t\t\t\t\t\t\t\t\t<a class=\"elementor-toggle-title\" tabindex=\"0\">Como funciona a compra avulsa?<\/a>\n\t\t\t\t\t<\/div>\n\n\t\t\t\t\t<div id=\"elementor-tab-content-1525\" class=\"elementor-tab-content elementor-clearfix\" data-tab=\"5\" role=\"region\" aria-labelledby=\"elementor-tab-title-1525\"><p><span class=\"OYPEnA text-decoration-none text-strikethrough-none\">Se voc\u00ea n\u00e3o quer ter uma assinatura recorrente, voc\u00ea pode optar por realizar a compra de um cr\u00e9dito avulso de R$ 25<\/span> <span class=\"OYPEnA text-decoration-none text-strikethrough-none\">para recebimento de uma compra especifica que lhe dar\u00e1 direito de receber apenas uma encomenda atrelado ao seu cadastro.<\/span><\/p><\/div>\n\t\t\t\t<\/div>\n\t\t\t\t\t\t\t<div class=\"elementor-toggle-item\">\n\t\t\t\t\t<div id=\"elementor-tab-title-1526\" class=\"elementor-tab-title\" data-tab=\"6\" role=\"button\" aria-controls=\"elementor-tab-content-1526\" aria-expanded=\"false\">\n\t\t\t\t\t\t\t\t\t\t\t\t<span class=\"elementor-toggle-icon elementor-toggle-icon-left\" aria-hidden=\"true\">\n\t\t\t\t\t\t\t\t\t\t\t\t\t\t\t<span class=\"elementor-toggle-icon-closed\"><i class=\"fas fa-caret-square-down\"><\/i><\/span>\n\t\t\t\t\t\t\t\t<span class=\"elementor-toggle-icon-opened\"><i class=\"elementor-toggle-icon-opened fas fa-caret-square-up\"><\/i><\/span>\n\t\t\t\t\t\t\t\t\t\t\t\t\t<\/span>\n\t\t\t\t\t\t\t\t\t\t\t\t<a class=\"elementor-toggle-title\" tabindex=\"0\">Como funciona o Locker?<\/a>\n\t\t\t\t\t<\/div>\n\n\t\t\t\t\t<div id=\"elementor-tab-content-1526\" class=\"elementor-tab-content elementor-clearfix\" data-tab=\"6\" role=\"region\" aria-labelledby=\"elementor-tab-title-1526\"><ol><li>Fa\u00e7a seu cadastro, escolha sua assinatura e realize o pagamento.<\/li><li>Escolha o ponto de retirada mais pr\u00f3ximo e utilize o endere\u00e7o da base central. No complemento de endere\u00e7o, voc\u00ea pode colocar &#8216;Locker + c\u00f3digo da favela&#8217;.<\/li><li>Quando sua encomenda chegar em nossa base central, faremos a triagem e, em seguida, entraremos em contato com voc\u00ea via WhatsApp para agendar a entrega.<\/li><li>As encomendas ser\u00e3o enviadas para um ponto de entrega e coleta instalado em pontos estrat\u00e9gicos pr\u00f3ximos de comunidades da sua prefer\u00eancia, como postos de gasolina, farm\u00e1cias, papelarias e bancas de jornal, ficando \u00e0 sua disposi\u00e7\u00e3o para realizar retiradas em at\u00e9 24 horas ap\u00f3s o contato da nossa equipe. Ap\u00f3s esse prazo, caso voc\u00ea cliente n\u00e3o retire, o seu pacote retornar\u00e1 para a base central do Carteiro Amigo, e aplicaremos uma cobran\u00e7a adicional de R$ 5,00 pela nova tentativa de entrega ap\u00f3s contato com voc\u00ea. o valor ser\u00e1 debitado do seu cart\u00e3o de cr\u00e9dito cadastrado.&#8221;<\/li><li>Se voc\u00ea precisar realizar um envio ou devolu\u00e7\u00e3o de mercadoria para os Correios, saiba que voc\u00ea tamb\u00e9m poder\u00e1 utilizar um de nossos pontos de lockers pr\u00f3ximo da sua comunidade. Para isso, basta ser um assinante do Carteiro Amigo e entrar em contato via WhatsApp conosco para confirmarmos seu cadastro e, assim, enviarmos um link de libera\u00e7\u00e3o da porta de um locker mais pr\u00f3ximo de voc\u00ea. Em at\u00e9 48 horas, nossa equipe coleta e envia sua encomenda para os Correios, e se houver custos, os debitamos do seu cart\u00e3o de cr\u00e9dito ou enviamos um PIX para que voc\u00ea possa realizar o pagamento.<\/li><\/ol><\/div>\n\t\t\t\t<\/div>\n\t\t\t\t\t\t\t<div class=\"elementor-toggle-item\">\n\t\t\t\t\t<div id=\"elementor-tab-title-1527\" class=\"elementor-tab-title\" data-tab=\"7\" role=\"button\" aria-controls=\"elementor-tab-content-1527\" aria-expanded=\"false\">\n\t\t\t\t\t\t\t\t\t\t\t\t<span class=\"elementor-toggle-icon elementor-toggle-icon-left\" aria-hidden=\"true\">\n\t\t\t\t\t\t\t\t\t\t\t\t\t\t\t<span class=\"elementor-toggle-icon-closed\"><i class=\"fas fa-caret-square-down\"><\/i><\/span>\n\t\t\t\t\t\t\t\t<span class=\"elementor-toggle-icon-opened\"><i class=\"elementor-toggle-icon-opened fas fa-caret-square-up\"><\/i><\/span>\n\t\t\t\t\t\t\t\t\t\t\t\t\t<\/span>\n\t\t\t\t\t\t\t\t\t\t\t\t<a class=\"elementor-toggle-title\" tabindex=\"0\">Meu plano de assinatura d\u00e1 direito a quantos envios?<\/a>\n\t\t\t\t\t<\/div>\n\n\t\t\t\t\t<div id=\"elementor-tab-content-1527\" class=\"elementor-tab-content elementor-clearfix\" data-tab=\"7\" role=\"region\" aria-labelledby=\"elementor-tab-title-1527\"><p>No plano amigo e no plano express d\u00e1 direito a enviar 2 e 4 encomendas por m\u00eas, respectivamente, pelos Correios na modalidade Sedex, Sedex 10 ou PAC. Voc\u00ea s\u00f3 pagar\u00e1 pelo servi\u00e7o cobrado pelos Correios, sem custo adicional pelo deslocamento do motoboy. O pagamento pode ser feito via PIX ou Cart\u00e3o de Cr\u00e9dito.<\/p><\/div>\n\t\t\t\t<\/div>\n\t\t\t\t\t\t\t<div class=\"elementor-toggle-item\">\n\t\t\t\t\t<div id=\"elementor-tab-title-1528\" class=\"elementor-tab-title\" data-tab=\"8\" role=\"button\" aria-controls=\"elementor-tab-content-1528\" aria-expanded=\"false\">\n\t\t\t\t\t\t\t\t\t\t\t\t<span class=\"elementor-toggle-icon elementor-toggle-icon-left\" aria-hidden=\"true\">\n\t\t\t\t\t\t\t\t\t\t\t\t\t\t\t<span class=\"elementor-toggle-icon-closed\"><i class=\"fas fa-caret-square-down\"><\/i><\/span>\n\t\t\t\t\t\t\t\t<span class=\"elementor-toggle-icon-opened\"><i class=\"elementor-toggle-icon-opened fas fa-caret-square-up\"><\/i><\/span>\n\t\t\t\t\t\t\t\t\t\t\t\t\t<\/span>\n\t\t\t\t\t\t\t\t\t\t\t\t<a class=\"elementor-toggle-title\" tabindex=\"0\">O Carteiro Amigo aceita a entrega de qualquer tipo de produto? Existe alguma restri\u00e7\u00e3o de peso?<\/a>\n\t\t\t\t\t<\/div>\n\n\t\t\t\t\t<div id=\"elementor-tab-content-1528\" class=\"elementor-tab-content elementor-clearfix\" data-tab=\"8\" role=\"region\" aria-labelledby=\"elementor-tab-title-1528\"><p>Sim, o Carteiro Amigo realiza a entrega de uma grande variedade de produtos. No entanto, h\u00e1 algumas restri\u00e7\u00f5es de peso e tamanho. Os pacotes devem ter um comprimento m\u00e1ximo de 42cm, largura de 44cm e peso n\u00e3o superior a 10kg para serem entregues diretamente. Para itens que excedem essas dimens\u00f5es ou t\u00eam um peso superior a 10kg, oferecemos a op\u00e7\u00e3o de retirada na loja. Isso inclui produtos como geladeiras, TVs, colch\u00f5es e outros itens volumosos. Fique \u00e0 vontade para entrar em contato para obter mais informa\u00e7\u00f5es sobre a retirada desses produtos maiores.<\/p><\/div>\n\t\t\t\t<\/div>\n\t\t\t\t\t\t\t\t<\/div>\n\t\t\t\t\t\t<\/div>\n\t\t\t\t<\/div>\n\t\t\t\t\t<\/div>\n\t\t<\/div>\n\t\t\t\t\t<\/div>\n\t\t<\/section>\n\t\t\t\t<section class=\"elementor-section elementor-top-section elementor-element elementor-element-df103e8 elementor-section-boxed elementor-section-height-default elementor-section-height-default\" data-id=\"df103e8\" data-element_type=\"section\" data-settings=\"{&quot;background_background&quot;:&quot;classic&quot;}\">\n\t\t\t\t\t\t<div class=\"elementor-container elementor-column-gap-default\">\n\t\t\t\t\t<div class=\"elementor-column elementor-col-100 elementor-top-column elementor-element elementor-element-3e20d3a\" data-id=\"3e20d3a\" data-element_type=\"column\">\n\t\t\t<div class=\"elementor-widget-wrap elementor-element-populated\">\n\t\t\t\t\t\t<div class=\"elementor-element elementor-element-e7e165f elementor-widget elementor-widget-heading\" data-id=\"e7e165f\" data-element_type=\"widget\" data-widget_type=\"heading.default\">\n\t\t\t\t<div class=\"elementor-widget-container\">\n\t\t\t\t\t<h2 class=\"elementor-heading-title elementor-size-default\">\u00c9 morador da favela e deseja receber e enviar encomendas? <br>Assine o Carteiro Amigo!<\/h2>\t\t\t\t<\/div>\n\t\t\t\t<\/div>\n\t\t\t\t<div class=\"elementor-element elementor-element-b5c8365 elementor-align-center elementor-widget elementor-widget-button\" data-id=\"b5c8365\" data-element_type=\"widget\" data-widget_type=\"button.default\">\n\t\t\t\t<div class=\"elementor-widget-container\">\n\t\t\t\t\t\t\t\t\t<div class=\"elementor-button-wrapper\">\n\t\t\t\t\t<a class=\"elementor-button elementor-button-link elementor-size-sm\" href=\"https:\/\/dev.carteiroamigo.com.br\/index.php\/planos\/\">\n\t\t\t\t\t\t<span class=\"elementor-button-content-wrapper\">\n\t\t\t\t\t\t\t\t\t<span class=\"elementor-button-text\">Assine<\/span>\n\t\t\t\t\t<\/span>\n\t\t\t\t\t<\/a>\n\t\t\t\t<\/div>\n\t\t\t\t\t\t\t\t<\/div>\n\t\t\t\t<\/div>\n\t\t\t\t\t<\/div>\n\t\t<\/div>\n\t\t\t\t\t<\/div>\n\t\t<\/section>\n\t\t\t\t<\/div>\n\t\t","protected":false},"excerpt":{"rendered":"<p>FAQ &#8211; D\u00favidas Principais d\u00favidas mais recorrentes de nossos clientes Como funciona o Carteiro Amigo? O Carteiro Amigo \u00e9 a forma mais conveniente de receber, retirar e enviar suas encomendas tanto dentro quanto fora das comunidades. Tudo o que voc\u00ea precisa fazer \u00e9 utilizar o endere\u00e7o de uma unidade do CAE como destino ao realizar &hellip;<\/p>\n<p class=\"read-more\"> <a class=\"\" href=\"https:\/\/carteiroamigo.com.br\/index.php\/faq\/\"> <span class=\"screen-reader-text\">FAQ<\/span> Leia mais &raquo;<\/a><\/p>\n","protected":false},"author":1,"featured_media":0,"parent":0,"menu_order":0,"comment_status":"closed","ping_status":"closed","template":"","meta":{"_uag_custom_page_level_css":"","site-sidebar-layout":"no-sidebar","site-content-layout":"","ast-site-content-layout":"full-width-container","site-content-style":"default","site-sidebar-style":"default","ast-global-header-display":"","ast-banner-title-visibility":"","ast-main-header-display":"","ast-hfb-above-header-display":"","ast-hfb-below-header-display":"","ast-hfb-mobile-header-display":"","site-post-title":"","ast-breadcrumbs-content":"","ast-featured-img":"","footer-sml-layout":"","theme-transparent-header-meta":"enabled","adv-header-id-meta":"","stick-header-meta":"","header-above-stick-meta":"","header-main-stick-meta":"","header-below-stick-meta":"","astra-migrate-meta-layouts":"set","_joinchat":[],"footnotes":""},"class_list":["post-1795","page","type-page","status-publish","hentry"],"uagb_featured_image_src":{"full":false,"thumbnail":false,"medium":false,"medium_large":false,"large":false,"1536x1536":false,"2048x2048":false},"uagb_author_info":{"display_name":"carteiroamigo","author_link":"https:\/\/carteiroamigo.com.br\/index.php\/author\/carteiroamigo\/"},"uagb_comment_info":0,"uagb_excerpt":"FAQ &#8211; D\u00favidas Principais d\u00favidas mais recorrentes de nossos clientes Como funciona o Carteiro Amigo? O Carteiro Amigo \u00e9 a forma mais conveniente de receber, retirar e enviar suas encomendas tanto dentro quanto fora das comunidades. Tudo o que voc\u00ea precisa fazer \u00e9 utilizar o endere\u00e7o de uma unidade do CAE como destino ao realizar&hellip;","_links":{"self":[{"href":"https:\/\/carteiroamigo.com.br\/index.php\/wp-json\/wp\/v2\/pages\/1795","targetHints":{"allow":["GET"]}}],"collection":[{"href":"https:\/\/carteiroamigo.com.br\/index.php\/wp-json\/wp\/v2\/pages"}],"about":[{"href":"https:\/\/carteiroamigo.com.br\/index.php\/wp-json\/wp\/v2\/types\/page"}],"author":[{"embeddable":true,"href":"https:\/\/carteiroamigo.com.br\/index.php\/wp-json\/wp\/v2\/users\/1"}],"replies":[{"embeddable":true,"href":"https:\/\/carteiroamigo.com.br\/index.php\/wp-json\/wp\/v2\/comments?post=1795"}],"version-history":[{"count":0,"href":"https:\/\/carteiroamigo.com.br\/index.php\/wp-json\/wp\/v2\/pages\/1795\/revisions"}],"wp:attachment":[{"href":"https:\/\/carteiroamigo.com.br\/index.php\/wp-json\/wp\/v2\/media?parent=1795"}],"curies":[{"name":"wp","href":"https:\/\/api.w.org\/{rel}","templated":true}]}}