{"id":3339,"date":"2025-08-18T17:41:19","date_gmt":"2025-08-18T20:41:19","guid":{"rendered":"https:\/\/carteiroamigo.com.br\/?page_id=3339"},"modified":"2025-08-18T17:46:51","modified_gmt":"2025-08-18T20:46:51","slug":"privacidade","status":"publish","type":"page","link":"https:\/\/carteiroamigo.com.br\/index.php\/privacidade\/","title":{"rendered":"Pol\u00edtica de privacidade"},"content":{"rendered":"\n<p>A Pol\u00edtica de Cookies aplica-se aos cidad\u00e3os do Brasil e de outros pa\u00edses que possuem leis sobre prote\u00e7\u00e3o de dados. No Brasil, a Lei Geral de Prote\u00e7\u00e3o de Dados (Lei n\u00ba 13.709\/2018) estabelece regras sobre coleta, armazenamento e compartilhamento de dados pessoais, atribuindo mais prote\u00e7\u00e3o aos titulares de tais dados.<\/p>\n\n\n\n<p>Desta forma, por interm\u00e9dio da LGPD, descrevemos os tipos de informa\u00e7\u00f5es que coletamos em nosso site.<\/p>\n\n\n\n<h2 class=\"wp-block-heading has-large-font-size\">Quem somos<\/h2>\n\n\n\n<p>A empresa com a raz\u00e3o social <strong>Carteiro Amigo Express Tecnologia e Logistica Ltda<\/strong>, tem o nome fantasia <strong>Carteiro Amigo Express<\/strong> e opera com o CNPJ 53.071.895\/0001-11. O endere\u00e7o de sua sede est\u00e1 localizada na Estrada do Outeiro Santo, 631 &#8211; Taquara, Rio de Janeiro &#8211; RJ, 22.713-169. Seus principal endere\u00e7o de contato \u00e9 o e-mail contato@carteiroamigo.com.br.<\/p>\n\n\n\n<h2 class=\"wp-block-heading has-large-font-size\">Quais dados pessoais coletamos e porque<\/h2>\n\n\n\n<p>Ao utilizar o nosso website, voc\u00ea concorda com a coleta e uso de suas informa\u00e7\u00f5es pessoais, como descrito abaixo. Por isso, voc\u00ea deve estar ciente de que:<\/p>\n\n\n\n<p>Coletamos, por meio dos Cookies, informa\u00e7\u00f5es necess\u00e1rias ao armazenamento para uma melhor usabilidade do usu\u00e1rio e segmenta\u00e7\u00e3o de campanhas publicit\u00e1rias;<\/p>\n\n\n\n<p>Coletamos informa\u00e7\u00f5es de contato quando voc\u00ea preenche nossos formul\u00e1rios de contato com o objetivo de retornar o contato, seja por telefone, WhatsApp ou e-mail.<\/p>\n\n\n\n<p>Coletamos informa\u00e7\u00f5es do formul\u00e1rio da Newsletter, que possui o objetivo de disparar informativos ou campanhas publicit\u00e1rias para os usu\u00e1rios que assinaram a Newsletter.<\/p>\n\n\n\n<p>Dito isso, saiba que nunca iremos compartilhar, vender ou alugar os dados com objetivos comerciais sem a sua autoriza\u00e7\u00e3o. No entanto, com a sua permiss\u00e3o, as informa\u00e7\u00f5es podem ser aplicadas e partilhadas entre nossos colaboradores para prop\u00f3sitos comerciais e de marketing.<\/p>\n\n\n\n<h2 class=\"wp-block-heading has-large-font-size\">Cookies<\/h2>\n\n\n\n<p>Utilizado em toda a internet e tornando a navega\u00e7\u00e3o ainda melhor para voc\u00ea, o cookie \u00e9 um arquivo que nos possibilita a identifica\u00e7\u00e3o e an\u00e1lise de dados daqueles que acessam o nosso site. Fazemos uso dele para adquirir e estudar alguns dados, como p\u00e1ginas visitadas e buscas feitas, proporcionando um melhor conte\u00fado nos pr\u00f3ximos acessos ou criando campanhas segmentadas espec\u00edficas para os usu\u00e1rios que nos visitaram.<\/p>\n\n\n\n<p>Encaminhado para o seu dispositivo eletr\u00f4nico no momento em que voc\u00ea visita o site, o cookie possui um n\u00famero de identifica\u00e7\u00e3o espec\u00edfico para o seu computador. Caso queira receber uma notifica\u00e7\u00e3o sobre o recebimento dos cookies e n\u00e3o permitir o seu estabelecimento, \u00e9 poss\u00edvel fazer uma configura\u00e7\u00e3o no navegador, que fornece as instru\u00e7\u00f5es para essa a\u00e7\u00e3o. Para isso, basta acessar as configura\u00e7\u00f5es do seu navegador e realizar as altera\u00e7\u00f5es que deseja, como, por exemplo, desativar os cookies.<\/p>\n\n\n\n<h2 class=\"wp-block-heading has-large-font-size\">Dados de seguran\u00e7a<\/h2>\n\n\n\n<p>Permitindo a transmiss\u00e3o dos seus dados, \u00e9 importante estar ciente que eles n\u00e3o est\u00e3o completamente seguros na web. Entretanto, nos empenhamos para que as informa\u00e7\u00f5es sobre o seu perfil sejam mantidas em seguran\u00e7a. Destacamos que n\u00e3o disponibilizamos para o p\u00fablico quaisquer refer\u00eancias sobre o seu acesso, preservando-as em privacidade.<\/p>\n\n\n\n<h2 class=\"wp-block-heading has-large-font-size\">Google Ads e Remarketing<\/h2>\n\n\n\n<p>Fazendo uso da ferramenta de Remarketing do Google Ads, temos a possibilidade de ter nossos an\u00fancios exibidos em outros sites, parceiros do Google, que voc\u00ea acessar. Para identificar os websites visitados, utilizamos cookies, desde que sejam autorizados por voc\u00ea em nosso site.<\/p>\n\n\n\n<h2 class=\"wp-block-heading has-large-font-size\">Facebook Ads e Remarketing<\/h2>\n\n\n\n<p>Outro recurso que aplicamos em nossos servi\u00e7os \u00e9 o Remarketing do Facebook. Por interm\u00e9dio do pixel instalado em nosso site, o Facebook apresenta a voc\u00ea os nossos an\u00fancios no Facebook e no Instagram, ap\u00f3s a identifica\u00e7\u00e3o do seu acesso em nosso site. Caso n\u00e3o queira mais receber nossos an\u00fancios, voc\u00ea tem a op\u00e7\u00e3o de ocult\u00e1-los quando os vir.<\/p>\n\n\n\n<h2 class=\"wp-block-heading has-large-font-size\">Confidencialidade<\/h2>\n\n\n\n<p>\u00c9 importante destacar que nosso banco de dados segue em sigilo e que n\u00e3o o compartilhamos com terceiros, a n\u00e3o ser em casos de determina\u00e7\u00e3o judicial ou de autoridades da Lei com o objetivo de esclarecimento de casos investigativos e den\u00fancias. Al\u00e9m disso, informamos que n\u00e3o seremos respons\u00e1veis caso algum colaborador ou hacker viole esse termo e divulgue, de forma criminosa, as informa\u00e7\u00f5es que devem ser mantidas em confidencialidade.<\/p>\n\n\n\n<h2 class=\"wp-block-heading has-large-font-size\">Direitos do usu\u00e1rio<\/h2>\n\n\n\n<p>Como usu\u00e1rio em nosso site, voc\u00ea tem seus direitos reservados. Caso queira solicitar a retirada do seu email da nossa lista de contatos da newsletter, envie-nos o pedido para <a href=\"mailto:contato@carteiroamigo.com.br\">contato@carteiroamigo.com.br<\/a><\/p>\n\n\n\n<p>Al\u00e9m disso, voc\u00ea tem a op\u00e7\u00e3o de desabilitar os cookies do nosso site em seu navegador. Segue, abaixo, como realizar essa a\u00e7\u00e3o:<\/p>\n\n\n\n<p>Abra o Chrome. No canto superior do lado direito, clique em \u201cMais\u201d e em \u201cConfigura\u00e7\u00f5es\u201d;<\/p>\n\n\n\n<p>Em \u201cPrivacidade e seguran\u00e7a\u201d, voc\u00ea deve clicar em \u201cCookies e outros dados do site\u201d;<\/p>\n\n\n\n<p>Ao lado de \u201cSites que podem usar cookies sempre\u201d, \u201cSempre limpar cookies quando as janelas forem fechadas\u201d ou \u201cSites que nunca usem cookies\u201d, voc\u00ea deve clicar em \u201cAdicionar\u201d;<\/p>\n\n\n\n<p>Ap\u00f3s essas etapas, digite o endere\u00e7o da Web e selecione \u201cAdicionar\u201d.<\/p>\n\n\n\n<p>Aconselhamos a todos os usu\u00e1rios a leitura de Pol\u00edtica de Privacidade em todos os sites que acessam. \u00c9 direito do usu\u00e1rio ser informado sobre quais dados s\u00e3o coletados nos sites visitados e como solicitar a remo\u00e7\u00e3o do e-mail ou desativar os cookies.<\/p>\n","protected":false},"excerpt":{"rendered":"<p>A Pol\u00edtica de Cookies aplica-se aos cidad\u00e3os do Brasil e de outros pa\u00edses que possuem leis sobre prote\u00e7\u00e3o de dados. No Brasil, a Lei Geral de Prote\u00e7\u00e3o de Dados (Lei n\u00ba 13.709\/2018) estabelece regras sobre coleta, armazenamento e compartilhamento de dados pessoais, atribuindo mais prote\u00e7\u00e3o aos titulares de tais dados. Desta forma, por interm\u00e9dio da &hellip;<\/p>\n<p class=\"read-more\"> <a class=\"\" href=\"https:\/\/carteiroamigo.com.br\/index.php\/privacidade\/\"> <span class=\"screen-reader-text\">Pol\u00edtica de privacidade<\/span> Leia mais &raquo;<\/a><\/p>\n","protected":false},"author":1,"featured_media":0,"parent":0,"menu_order":0,"comment_status":"closed","ping_status":"closed","template":"","meta":{"_uag_custom_page_level_css":"","site-sidebar-layout":"default","site-content-layout":"","ast-site-content-layout":"default","site-content-style":"default","site-sidebar-style":"default","ast-global-header-display":"","ast-banner-title-visibility":"","ast-main-header-display":"","ast-hfb-above-header-display":"","ast-hfb-below-header-display":"","ast-hfb-mobile-header-display":"","site-post-title":"","ast-breadcrumbs-content":"","ast-featured-img":"","footer-sml-layout":"","theme-transparent-header-meta":"","adv-header-id-meta":"","stick-header-meta":"","header-above-stick-meta":"","header-main-stick-meta":"","header-below-stick-meta":"","astra-migrate-meta-layouts":"set","_joinchat":[],"footnotes":""},"class_list":["post-3339","page","type-page","status-publish","hentry"],"uagb_featured_image_src":{"full":false,"thumbnail":false,"medium":false,"medium_large":false,"large":false,"1536x1536":false,"2048x2048":false},"uagb_author_info":{"display_name":"carteiroamigo","author_link":"https:\/\/carteiroamigo.com.br\/index.php\/author\/carteiroamigo\/"},"uagb_comment_info":0,"uagb_excerpt":"A Pol\u00edtica de Cookies aplica-se aos cidad\u00e3os do Brasil e de outros pa\u00edses que possuem leis sobre prote\u00e7\u00e3o de dados. No Brasil, a Lei Geral de Prote\u00e7\u00e3o de Dados (Lei n\u00ba 13.709\/2018) estabelece regras sobre coleta, armazenamento e compartilhamento de dados pessoais, atribuindo mais prote\u00e7\u00e3o aos titulares de tais dados. Desta forma, por interm\u00e9dio da&hellip;","_links":{"self":[{"href":"https:\/\/carteiroamigo.com.br\/index.php\/wp-json\/wp\/v2\/pages\/3339","targetHints":{"allow":["GET"]}}],"collection":[{"href":"https:\/\/carteiroamigo.com.br\/index.php\/wp-json\/wp\/v2\/pages"}],"about":[{"href":"https:\/\/carteiroamigo.com.br\/index.php\/wp-json\/wp\/v2\/types\/page"}],"author":[{"embeddable":true,"href":"https:\/\/carteiroamigo.com.br\/index.php\/wp-json\/wp\/v2\/users\/1"}],"replies":[{"embeddable":true,"href":"https:\/\/carteiroamigo.com.br\/index.php\/wp-json\/wp\/v2\/comments?post=3339"}],"version-history":[{"count":4,"href":"https:\/\/carteiroamigo.com.br\/index.php\/wp-json\/wp\/v2\/pages\/3339\/revisions"}],"predecessor-version":[{"id":3343,"href":"https:\/\/carteiroamigo.com.br\/index.php\/wp-json\/wp\/v2\/pages\/3339\/revisions\/3343"}],"wp:attachment":[{"href":"https:\/\/carteiroamigo.com.br\/index.php\/wp-json\/wp\/v2\/media?parent=3339"}],"curies":[{"name":"wp","href":"https:\/\/api.w.org\/{rel}","templated":true}]}}